{"id":91,"date":"2021-03-14T18:32:58","date_gmt":"2021-03-14T17:32:58","guid":{"rendered":"http:\/\/ortipro.be\/?page_id=91"},"modified":"2021-03-14T18:32:58","modified_gmt":"2021-03-14T17:32:58","slug":"a-propos-de","status":"publish","type":"page","link":"https:\/\/ortipro.be\/?page_id=91","title":{"rendered":"\u00c0 propos de"},"content":{"rendered":"\n<p>Vous pourriez \u00eatre un artiste et vouloir pr\u00e9senter vos travaux et vous m\u00eame ou encore \u00eatre une entreprise avec une mission \u00e0 promouvoir.<\/p>\n","protected":false},"excerpt":{"rendered":"<p>Vous pourriez \u00eatre un artiste et vouloir pr\u00e9senter vos travaux et vous m\u00eame ou encore \u00eatre une entreprise avec une mission \u00e0 promouvoir.<\/p>\n","protected":false},"author":1,"featured_media":88,"parent":0,"menu_order":0,"comment_status":"closed","ping_status":"closed","template":"","meta":[],"_links":{"self":[{"href":"https:\/\/ortipro.be\/index.php?rest_route=\/wp\/v2\/pages\/91"}],"collection":[{"href":"https:\/\/ortipro.be\/index.php?rest_route=\/wp\/v2\/pages"}],"about":[{"href":"https:\/\/ortipro.be\/index.php?rest_route=\/wp\/v2\/types\/page"}],"author":[{"embeddable":true,"href":"https:\/\/ortipro.be\/index.php?rest_route=\/wp\/v2\/users\/1"}],"replies":[{"embeddable":true,"href":"https:\/\/ortipro.be\/index.php?rest_route=%2Fwp%2Fv2%2Fcomments&post=91"}],"version-history":[{"count":1,"href":"https:\/\/ortipro.be\/index.php?rest_route=\/wp\/v2\/pages\/91\/revisions"}],"predecessor-version":[{"id":99,"href":"https:\/\/ortipro.be\/index.php?rest_route=\/wp\/v2\/pages\/91\/revisions\/99"}],"wp:featuredmedia":[{"embeddable":true,"href":"https:\/\/ortipro.be\/index.php?rest_route=\/wp\/v2\/media\/88"}],"wp:attachment":[{"href":"https:\/\/ortipro.be\/index.php?rest_route=%2Fwp%2Fv2%2Fmedia&parent=91"}],"curies":[{"name":"wp","href":"https:\/\/api.w.org\/{rel}","templated":true}]}}